{"id":24,"date":"2025-01-28T23:12:53","date_gmt":"2025-01-28T22:12:53","guid":{"rendered":"https:\/\/gastropanskapole.cz\/?page_id=24"},"modified":"2025-10-03T08:01:42","modified_gmt":"2025-10-03T07:01:42","slug":"dokumenty","status":"publish","type":"page","link":"https:\/\/gastropanskapole.cz\/?page_id=24","title":{"rendered":"Dokumenty"},"content":{"rendered":"\n<div class=\"wp-block-file\"><a id=\"wp-block-file--media-a2f720d3-0674-4f01-b1ec-9f0279bcd886\" href=\"http:\/\/gastropanskapole.cz\/wp-content\/uploads\/2025\/07\/infomrace-pro-stravniky-2025-1.docx\">informace pro str\u00e1vn\u00edky 2025<\/a><a href=\"http:\/\/gastropanskapole.cz\/wp-content\/uploads\/2025\/07\/infomrace-pro-stravniky-2025-1.docx\" class=\"wp-block-file__button wp-element-button\" download aria-describedby=\"wp-block-file--media-a2f720d3-0674-4f01-b1ec-9f0279bcd886\">St\u00e1hnout<\/a><\/div>\n\n\n\n<div class=\"wp-block-group is-nowrap is-layout-flex wp-container-core-group-is-layout-ad2f72ca wp-block-group-is-layout-flex\">\n<div class=\"wp-block-file\"><a id=\"wp-block-file--media-ad41bb8f-2111-42c6-aa5f-6a55b3d24449\" href=\"http:\/\/gastropanskapole.cz\/wp-content\/uploads\/2025\/10\/Vnitrni-rad-skolni-jidelny_UPRAVA2025_02.docx\">Vnit\u0159n\u00ed \u0159\u00e1d \u0161koln\u00ed j\u00eddelny_UPRAVA2025_02<\/a><a href=\"http:\/\/gastropanskapole.cz\/wp-content\/uploads\/2025\/10\/Vnitrni-rad-skolni-jidelny_UPRAVA2025_02.docx\" class=\"wp-block-file__button wp-element-button\" download aria-describedby=\"wp-block-file--media-ad41bb8f-2111-42c6-aa5f-6a55b3d24449\">St\u00e1hnout<\/a><\/div>\n<\/div>\n\n\n\n<div class=\"wp-block-file\"><a id=\"wp-block-file--media-63954c7e-83b2-40db-83a2-b637a4a2e80e\" href=\"http:\/\/gastropanskapole.cz\/wp-content\/uploads\/2025\/10\/Smernice-pro-konzumaci-vlastniho-jidla-1.docx\">Smernice-pro-konzumaci-vlastniho-jidla (1)<\/a><a href=\"http:\/\/gastropanskapole.cz\/wp-content\/uploads\/2025\/10\/Smernice-pro-konzumaci-vlastniho-jidla-1.docx\" class=\"wp-block-file__button wp-element-button\" download aria-describedby=\"wp-block-file--media-63954c7e-83b2-40db-83a2-b637a4a2e80e\">St\u00e1hnout<\/a><\/div>\n\n\n\n<p><\/p>\n","protected":false},"excerpt":{"rendered":"","protected":false},"author":1,"featured_media":0,"parent":0,"menu_order":0,"comment_status":"closed","ping_status":"closed","template":"","meta":{"footnotes":""},"class_list":["post-24","page","type-page","status-publish","hentry"],"_links":{"self":[{"href":"https:\/\/gastropanskapole.cz\/index.php?rest_route=\/wp\/v2\/pages\/24","targetHints":{"allow":["GET"]}}],"collection":[{"href":"https:\/\/gastropanskapole.cz\/index.php?rest_route=\/wp\/v2\/pages"}],"about":[{"href":"https:\/\/gastropanskapole.cz\/index.php?rest_route=\/wp\/v2\/types\/page"}],"author":[{"embeddable":true,"href":"https:\/\/gastropanskapole.cz\/index.php?rest_route=\/wp\/v2\/users\/1"}],"replies":[{"embeddable":true,"href":"https:\/\/gastropanskapole.cz\/index.php?rest_route=%2Fwp%2Fv2%2Fcomments&post=24"}],"version-history":[{"count":11,"href":"https:\/\/gastropanskapole.cz\/index.php?rest_route=\/wp\/v2\/pages\/24\/revisions"}],"predecessor-version":[{"id":263,"href":"https:\/\/gastropanskapole.cz\/index.php?rest_route=\/wp\/v2\/pages\/24\/revisions\/263"}],"wp:attachment":[{"href":"https:\/\/gastropanskapole.cz\/index.php?rest_route=%2Fwp%2Fv2%2Fmedia&parent=24"}],"curies":[{"name":"wp","href":"https:\/\/api.w.org\/{rel}","templated":true}]}}