{"id":26,"date":"2025-01-28T23:13:07","date_gmt":"2025-01-28T22:13:07","guid":{"rendered":"https:\/\/gastropanskapole.cz\/?page_id=26"},"modified":"2025-01-29T02:12:23","modified_gmt":"2025-01-29T01:12:23","slug":"fotogalerie","status":"publish","type":"page","link":"https:\/\/gastropanskapole.cz\/?page_id=26","title":{"rendered":"Fotogalerie"},"content":{"rendered":"\n<h4 class=\"wp-block-heading\">J\u00eddelna + pracovn\u00ed t\u00fdm<\/h4>\n\n\n\n<div id=\"reacg-root127\"         class=\"reacg-gallery reacg-preview\"         data-options-section=\"0\"         data-gallery-timestamp=\"\"         data-options-timestamp=\"1740058357\"         data-gallery-id=\"127\"><\/div>\n\n\n\n<h4 class=\"wp-block-heading\">Slavnostn\u00ed otev\u0159en\u00ed<\/h4>\n\n\n\n<div id=\"reacg-root128\"         class=\"reacg-gallery reacg-preview\"         data-options-section=\"0\"         data-gallery-timestamp=\"\"         data-options-timestamp=\"1740058331\"         data-gallery-id=\"128\"><\/div>\n\n\n\n<h4 class=\"wp-block-heading\">Cateringov\u00e9 akce<\/h4>\n\n\n\n<div id=\"reacg-root129\"         class=\"reacg-gallery reacg-preview\"         data-options-section=\"0\"         data-gallery-timestamp=\"1740058995766\"         data-options-timestamp=\"1740058191\"         data-gallery-id=\"129\"><\/div>\n\n\n\n<p><\/p>\n","protected":false},"excerpt":{"rendered":"<p>J\u00eddelna + pracovn\u00ed t\u00fdm Slavnostn\u00ed otev\u0159en\u00ed Cateringov\u00e9 akce<\/p>\n","protected":false},"author":1,"featured_media":0,"parent":0,"menu_order":0,"comment_status":"closed","ping_status":"closed","template":"","meta":{"footnotes":""},"class_list":["post-26","page","type-page","status-publish","hentry"],"_links":{"self":[{"href":"https:\/\/gastropanskapole.cz\/index.php?rest_route=\/wp\/v2\/pages\/26","targetHints":{"allow":["GET"]}}],"collection":[{"href":"https:\/\/gastropanskapole.cz\/index.php?rest_route=\/wp\/v2\/pages"}],"about":[{"href":"https:\/\/gastropanskapole.cz\/index.php?rest_route=\/wp\/v2\/types\/page"}],"author":[{"embeddable":true,"href":"https:\/\/gastropanskapole.cz\/index.php?rest_route=\/wp\/v2\/users\/1"}],"replies":[{"embeddable":true,"href":"https:\/\/gastropanskapole.cz\/index.php?rest_route=%2Fwp%2Fv2%2Fcomments&post=26"}],"version-history":[{"count":12,"href":"https:\/\/gastropanskapole.cz\/index.php?rest_route=\/wp\/v2\/pages\/26\/revisions"}],"predecessor-version":[{"id":180,"href":"https:\/\/gastropanskapole.cz\/index.php?rest_route=\/wp\/v2\/pages\/26\/revisions\/180"}],"wp:attachment":[{"href":"https:\/\/gastropanskapole.cz\/index.php?rest_route=%2Fwp%2Fv2%2Fmedia&parent=26"}],"curies":[{"name":"wp","href":"https:\/\/api.w.org\/{rel}","templated":true}]}}