{"id":30,"date":"2025-01-28T23:13:28","date_gmt":"2025-01-28T22:13:28","guid":{"rendered":"https:\/\/gastropanskapole.cz\/?page_id=30"},"modified":"2025-01-29T00:01:24","modified_gmt":"2025-01-28T23:01:24","slug":"kontakt","status":"publish","type":"page","link":"https:\/\/gastropanskapole.cz\/?page_id=30","title":{"rendered":"Kontakt"},"content":{"rendered":"\n<p>J\u00eddelna SZ\u0160 Pansk\u00e1 Pole<br>\u0160koln\u00ed n\u00e1m\u011bst\u00ed 700\/1<br>250\u00a073, P\u0159ezletice<\/p>\n\n\n\n<p>E-mail:&nbsp;<a href=\"mailto:jidelna@gastropanskapole.cz\">jidelna@gastropanskapole.cz<\/a><br>Telefon: 777&nbsp;788&nbsp;453<\/p>\n\n\n\n<p><\/p>\n","protected":false},"excerpt":{"rendered":"<p>J\u00eddelna SZ\u0160 Pansk\u00e1 Pole\u0160koln\u00ed n\u00e1m\u011bst\u00ed 700\/1250\u00a073, P\u0159ezletice E-mail:&nbsp;jidelna@gastropanskapole.czTelefon: 777&nbsp;788&nbsp;453<\/p>\n","protected":false},"author":1,"featured_media":0,"parent":0,"menu_order":0,"comment_status":"closed","ping_status":"closed","template":"","meta":{"footnotes":""},"class_list":["post-30","page","type-page","status-publish","hentry"],"_links":{"self":[{"href":"https:\/\/gastropanskapole.cz\/index.php?rest_route=\/wp\/v2\/pages\/30","targetHints":{"allow":["GET"]}}],"collection":[{"href":"https:\/\/gastropanskapole.cz\/index.php?rest_route=\/wp\/v2\/pages"}],"about":[{"href":"https:\/\/gastropanskapole.cz\/index.php?rest_route=\/wp\/v2\/types\/page"}],"author":[{"embeddable":true,"href":"https:\/\/gastropanskapole.cz\/index.php?rest_route=\/wp\/v2\/users\/1"}],"replies":[{"embeddable":true,"href":"https:\/\/gastropanskapole.cz\/index.php?rest_route=%2Fwp%2Fv2%2Fcomments&post=30"}],"version-history":[{"count":2,"href":"https:\/\/gastropanskapole.cz\/index.php?rest_route=\/wp\/v2\/pages\/30\/revisions"}],"predecessor-version":[{"id":58,"href":"https:\/\/gastropanskapole.cz\/index.php?rest_route=\/wp\/v2\/pages\/30\/revisions\/58"}],"wp:attachment":[{"href":"https:\/\/gastropanskapole.cz\/index.php?rest_route=%2Fwp%2Fv2%2Fmedia&parent=30"}],"curies":[{"name":"wp","href":"https:\/\/api.w.org\/{rel}","templated":true}]}}