{"id":59,"date":"2025-01-29T00:11:02","date_gmt":"2025-01-28T23:11:02","guid":{"rendered":"https:\/\/gastropanskapole.cz\/?page_id=59"},"modified":"2025-01-29T02:26:11","modified_gmt":"2025-01-29T01:26:11","slug":"uvod","status":"publish","type":"page","link":"https:\/\/gastropanskapole.cz\/","title":{"rendered":"\u00davod"},"content":{"rendered":"\n<p>\u0160koln\u00ed j\u00eddelna Z\u0160 Pansk\u00e1 Pole je p\u0159\u00edsp\u011bvkov\u00e1 organizace, kter\u00e1 vznikla za \u00fa\u010delem \u0161koln\u00edho stravov\u00e1n\u00ed pro Svazkovou z\u00e1kladn\u00ed \u0161kolu Pansk\u00e1 Pole. Datum 1.9.2023 je prvn\u00edm ofici\u00e1ln\u00edm dnem, kdy se v&nbsp;t\u00e9to \u0161koln\u00ed j\u00eddeln\u011b za\u010dalo va\u0159it. V&nbsp;sou\u010dasn\u00e9 dob\u011b va\u0159\u00ed i pro nedalekou mate\u0159skou \u0161kolu v&nbsp;P\u0159ezletic\u00edch.<\/p>\n\n\n\n<p>\u0160koln\u00ed j\u00eddelna je m\u00e1 kapacitu cca 200 m\u00edst, byla napl\u00e1nov\u00e1na pro plnou kapacitu \u0161koly cca 540 \u017e\u00e1k\u016f a pedagogick\u00fd sbor. Kuchyn\u011b je pak vybavena nejnov\u011bj\u0161\u00ed technologi\u00ed, kter\u00e1 zaru\u010duje nejen pln\u011bn\u00ed ve\u0161ker\u00fdch hygienick\u00fdch postup\u016f a norem, ale umo\u017e\u0148uje i \u0161etrn\u00e9 zach\u00e1zen\u00ed se surovinami. Umo\u017e\u0148uje pou\u017e\u00edv\u00e1n\u00ed modern\u00edch postup\u016f p\u0159\u00edpravy j\u00eddel tak, aby bylo mo\u017eno s&nbsp;jednotliv\u00fdmi surovinami pracovat bez zbyte\u010dn\u00e9 ztr\u00e1ty v\u00fd\u017eivov\u00fdch hodnot. Kuchyn\u011b je vybavena konvektomaty, holdomaty, \u0161okov\u00fdmi zchlazova\u010di, multifunk\u010dn\u00edmi p\u00e1nvemi atd.&nbsp;&nbsp;<\/p>\n\n\n\n<p>V\u00a0sekci galerie m\u016f\u017eete do na\u0161\u00ed kuchyn\u011b <a href=\"https:\/\/gastropanskapole.cz\/?page_id=26\" data-type=\"page\" data-id=\"26\">nahl\u00e9dnout<\/a>.<\/p>\n\n\n\n<p>\u0160koln\u00ed j\u00eddelna byla zalo\u017eena jako p\u0159\u00edsp\u011bvkov\u00e1 organizace, tedy m\u016f\u017ee nab\u00edzet krom\u011b \u0161koln\u00edho stravov\u00e1n\u00ed i dal\u0161\u00ed slu\u017eby v&nbsp;oblasti pohostinstv\u00ed. A pr\u00e1v\u011b proto hrd\u011b nab\u00edz\u00ed v&nbsp;sou\u010dinnosti s&nbsp;obecn\u00edm \u00fa\u0159adem v&nbsp;P\u0159ezletic\u00edch prodej chlazen\u00fdch j\u00eddel. Tyto j\u00eddla jsou nab\u00edzena formou prodeje z&nbsp;automatu, sou\u010d\u00e1st\u00ed tohoto prodeje je i dotovan\u00e9 stravov\u00e1n\u00ed pro d\u016fchodce v&nbsp;obci P\u0159ezletice.<\/p>\n\n\n\n<p>Dal\u0161\u00ed mo\u017enost\u00ed, jak ochutnat gastronomii, kterou zde p\u0159ipravujeme je mo\u017enost objednat si jak\u00fdkoliv druh cateringov\u00e9 akce. \u0160koln\u00ed j\u00eddelna je p\u0159ipravena vytvo\u0159it a zrealizovat jak\u00fdkoliv druh ob\u010derstven\u00ed \u2013 brunch, raut, svatbu, oslavu, grilov\u00e1n\u00ed. Sou\u010d\u00e1st\u00ed na\u0161\u00ed nab\u00eddky je i mo\u017enost zrealizovat akci ve \u0161koln\u00ed j\u00eddeln\u011b, ke kter\u00e9 pat\u0159\u00ed i p\u0159ilehl\u00e9 venkovn\u00ed prostory.<\/p>\n\n\n\n<p>V&nbsp;p\u0159\u00edpad\u011b z\u00e1jmu V\u00e1m velice r\u00e1di p\u0159iprav\u00edme nab\u00eddku. Va\u0161i popt\u00e1vku pos\u00edlejte na&nbsp;<a href=\"mailto:jidelna@gastropanskapole.cz\">jidelna@gastropanskapole.cz<\/a><\/p>\n\n\n\n<p><\/p>\n","protected":false},"excerpt":{"rendered":"<p>\u0160koln\u00ed j\u00eddelna Z\u0160 Pansk\u00e1 Pole je p\u0159\u00edsp\u011bvkov\u00e1 organizace, kter\u00e1 vznikla za \u00fa\u010delem \u0161koln\u00edho stravov\u00e1n\u00ed pro Svazkovou z\u00e1kladn\u00ed \u0161kolu Pansk\u00e1 Pole. Datum 1.9.2023 je prvn\u00edm ofici\u00e1ln\u00edm dnem, kdy se v&nbsp;t\u00e9to \u0161koln\u00ed j\u00eddeln\u011b za\u010dalo va\u0159it. V&nbsp;sou\u010dasn\u00e9 dob\u011b va\u0159\u00ed i pro nedalekou mate\u0159skou \u0161kolu v&nbsp;P\u0159ezletic\u00edch. \u0160koln\u00ed j\u00eddelna je m\u00e1 kapacitu cca 200 m\u00edst, byla napl\u00e1nov\u00e1na pro plnou kapacitu &hellip; <a href=\"https:\/\/gastropanskapole.cz\/\" class=\"more-link\">Pokra\u010dov\u00e1n\u00ed textu <span class=\"screen-reader-text\">\u00davod<\/span><\/a><\/p>\n","protected":false},"author":1,"featured_media":0,"parent":0,"menu_order":0,"comment_status":"closed","ping_status":"closed","template":"","meta":{"footnotes":""},"class_list":["post-59","page","type-page","status-publish","hentry"],"_links":{"self":[{"href":"https:\/\/gastropanskapole.cz\/index.php?rest_route=\/wp\/v2\/pages\/59","targetHints":{"allow":["GET"]}}],"collection":[{"href":"https:\/\/gastropanskapole.cz\/index.php?rest_route=\/wp\/v2\/pages"}],"about":[{"href":"https:\/\/gastropanskapole.cz\/index.php?rest_route=\/wp\/v2\/types\/page"}],"author":[{"embeddable":true,"href":"https:\/\/gastropanskapole.cz\/index.php?rest_route=\/wp\/v2\/users\/1"}],"replies":[{"embeddable":true,"href":"https:\/\/gastropanskapole.cz\/index.php?rest_route=%2Fwp%2Fv2%2Fcomments&post=59"}],"version-history":[{"count":2,"href":"https:\/\/gastropanskapole.cz\/index.php?rest_route=\/wp\/v2\/pages\/59\/revisions"}],"predecessor-version":[{"id":152,"href":"https:\/\/gastropanskapole.cz\/index.php?rest_route=\/wp\/v2\/pages\/59\/revisions\/152"}],"wp:attachment":[{"href":"https:\/\/gastropanskapole.cz\/index.php?rest_route=%2Fwp%2Fv2%2Fmedia&parent=59"}],"curies":[{"name":"wp","href":"https:\/\/api.w.org\/{rel}","templated":true}]}}